{"id":22859,"date":"2014-06-02T11:17:04","date_gmt":"2014-06-02T11:17:04","guid":{"rendered":"http:\/\/aida.limonadaestudio.com\/?page_id=22859"},"modified":"2019-09-03T17:58:44","modified_gmt":"2019-09-03T17:58:44","slug":"contact","status":"publish","type":"page","link":"https:\/\/aidafolch.com\/en\/contact\/","title":{"rendered":"Contact"},"content":{"rendered":"<section class=\"wpb-content-wrapper\"><p>[vc_row][vc_column width=&#8221;1\/1&#8243;][vc_column_text]<\/p>\n<h3 style=\"text-align: center;\">Contacts<\/h3>\n<p>[\/vc_column_text][vc_separator type=&#8221;small&#8221; position=&#8221;center&#8221; up=&#8221;32&#8243; down=&#8221;32&#8243; border_style=&#8221;solid&#8221;][\/vc_column][\/vc_row][vc_row row_type=&#8221;row&#8221; use_row_as_full_screen_section=&#8221;no&#8221; type=&#8221;grid&#8221; icon_pack=&#8221;font_awesome&#8221; content_menu_fe_icon=&#8221;arrow_back&#8221; text_align=&#8221;left&#8221;][vc_column width=&#8221;1\/1&#8243;][vc_column_text]<\/p>\n<h2 style=\"text-align: center;\">ACTING MANAGEMENT SPAIN<\/h2>\n<h3 style=\"text-align: center;\"><strong>MAJ\u00d3S<\/strong> &#8211; AMARION PRO<\/h3>\n<p style=\"text-align: center;\">[vc_separator type=&#8217;normal&#8217; position=&#8217;center&#8217; color=&#8217;transparent&#8217; border_style=&#8221; thickness=&#8221; up=&#8217;2&#8242; down=&#8217;2&#8242;]<\/p>\n<div style=\"text-align: center;\">Agent: Mar\u00eda Jos\u00e9 Mart\u00ednez Montesinos<\/div>\n<p style=\"text-align: center;\">[vc_separator type=&#8217;normal&#8217; position=&#8217;center&#8217; color=&#8217;transparent&#8217; border_style=&#8221; thickness=&#8221; up=&#8217;2&#8242; down=&#8217;2&#8242;]<\/p>\n<p style=\"text-align: center;\">C. Barquillo, 32, 4\u00ba Izquierda<br \/>\nTlf.:\u00a091 531 67 49<\/p>\n<p style=\"text-align: center;\">[vc_separator type=&#8217;normal&#8217; position=&#8217;center&#8217; color=&#8217;transparent&#8217; border_style=&#8221; thickness=&#8221; up=&#8217;2&#8242; down=&#8217;2&#8242;]<\/p>\n<div style=\"text-align: center;\"><a title=\"Amari\u00f3n Pro | Maj\u00f3s Mart\u00ednez\" href=\"http:\/\/www.majos.es\/\" target=\"_blank\">www.majos.es<\/a><\/div>\n<div style=\"text-align: center;\"><a title=\"Directores de Cine\" href=\"http:\/\/www.directoresdecine.net\" target=\"_blank\">www.directoresdecine.net<\/a><\/div>\n<div style=\"text-align: center;\"><a href=\"mailto:info@majos.es\">info@majos.es<\/a><\/div>\n<p>[\/vc_column_text][vc_separator type=&#8221;full_width&#8221; position=&#8221;center&#8221; up=&#8221;32&#8243; down=&#8221;32&#8243; border_style=&#8221;solid&#8221;][\/vc_column][\/vc_row][vc_row row_type=&#8221;row&#8221; use_row_as_full_screen_section=&#8221;no&#8221; type=&#8221;grid&#8221; icon_pack=&#8221;font_awesome&#8221; content_menu_fe_icon=&#8221;arrow_back&#8221; text_align=&#8221;left&#8221;][vc_column width=&#8221;1\/3&#8243;][vc_column_text]<\/p>\n<h2 style=\"text-align: center;\">ACTING MANAGEMENT FRANCE<\/h2>\n<h3 style=\"text-align: center;\"><span class=\"Apple-style-span\">ARTMEDIA\u00a0<\/span><\/h3>\n<p style=\"text-align: center;\">[vc_separator type=&#8217;normal&#8217; position=&#8217;center&#8217; color=&#8217;transparent&#8217; border_style=&#8221; thickness=&#8221; up=&#8217;2&#8242; down=&#8217;2&#8242;]<\/p>\n<div style=\"text-align: center;\">Agent: Fran\u00e7oise Salimov<\/div>\n<p style=\"text-align: center;\">[vc_separator type=&#8217;normal&#8217; position=&#8217;center&#8217; color=&#8217;transparent&#8217; border_style=&#8221; thickness=&#8221; up=&#8217;2&#8242; down=&#8217;2&#8242;]<\/p>\n<div style=\"text-align: center;\">\u00a020, AV. RAPP \u2013 75007 PARIS \u2013<\/div>\n<div style=\"text-align: center;\"><span class=\"Apple-style-span\">T\u00e9l.: +33 (0)1 43 17 33 00<\/span><\/div>\n<p style=\"text-align: center;\">[vc_separator type=&#8217;normal&#8217; position=&#8217;center&#8217; color=&#8217;transparent&#8217; border_style=&#8221; thickness=&#8221; up=&#8217;2&#8242; down=&#8217;2&#8242;]<\/p>\n<div style=\"text-align: center;\"><a title=\"ARTMEDIA\" href=\"http:\/\/www.artmedia.fr\/\" target=\"_blank\">www.artmedia.fr<\/a><\/div>\n<div style=\"text-align: center;\"><a title=\"Contact email | ARTMEDIA\" href=\"mailto:info@artmedia.fr\" target=\"_blank\">info@artmedia.fr<\/a><\/div>\n<div style=\"text-align: center;\"><\/div>\n<p>[\/vc_column_text][vc_separator type=&#8221;transparent&#8221; position=&#8221;center&#8221; up=&#8221;10&#8243; down=&#8221;10&#8243;][\/vc_column][vc_column width=&#8221;1\/3&#8243;][vc_column_text]<\/p>\n<h2 style=\"text-align: center;\">ACTING MANAGEMENT M\u00c9XICO<\/h2>\n<h3 style=\"text-align: center;\">TALENT ON THE ROAD<\/h3>\n<p style=\"text-align: center;\">[vc_separator type=&#8217;normal&#8217; position=&#8217;center&#8217; color=&#8217;transparent&#8217; border_style=&#8221; thickness=&#8221; up=&#8217;2&#8242; down=&#8217;2&#8242;]<\/p>\n<div style=\"text-align: center;\">Agent: Ruby Castillo<\/div>\n<p style=\"text-align: center;\">[vc_separator type=&#8217;normal&#8217; position=&#8217;center&#8217; color=&#8217;transparent&#8217; border_style=&#8221; thickness=&#8221; up=&#8217;2&#8242; down=&#8217;2&#8242;]<\/p>\n<div style=\"text-align: center;\">R\u00edo Balsas No. 37, PH 1201 \/ 1102<\/div>\n<div style=\"text-align: center;\">Col. Cuauht\u00e9moc.<br \/>\nC.P. 06500, Del. Cuauht\u00e9moc |\u00a0M\u00e9xico D.F.<\/div>\n<div style=\"text-align: right;\">\n<p style=\"text-align: center;\">Tels.:\u00a0(52 55) 56644267 |\u00a0(52 55) 56644753[vc_separator type=&#8217;normal&#8217; position=&#8217;center&#8217; color=&#8217;transparent&#8217; border_style=&#8221; thickness=&#8221; up=&#8217;2&#8242; down=&#8217;2&#8242;]<\/p>\n<div style=\"text-align: center;\"><a title=\"Talent on the Road - Web\" href=\"http:\/\/www.talentontheroad.com\" target=\"_blank\">www.talentontheroad.com<\/a><\/div>\n<div style=\"text-align: center;\"><a title=\"Contact email | Talent on the Road\" href=\"mailto:talent@talentontheroad.com\" target=\"_blank\">talent@talentontheroad.com<\/a><\/div>\n<\/div>\n<p>[\/vc_column_text][vc_separator type=&#8221;transparent&#8221; position=&#8221;center&#8221; up=&#8221;10&#8243; down=&#8221;10&#8243;][\/vc_column][vc_column width=&#8221;1\/3&#8243;][vc_column_text]<\/p>\n<h2 style=\"text-align: center;\">ACTING MANAGEMENT\u00a0LOS ANGELES<\/h2>\n<h3 style=\"text-align: center;\">WORLD TALENT HOUSE<\/h3>\n<p style=\"text-align: center;\">[vc_separator type=&#8217;normal&#8217; position=&#8217;center&#8217; color=&#8217;transparent&#8217; border_style=&#8221; thickness=&#8221; up=&#8217;2&#8242; down=&#8217;2&#8242;]<\/p>\n<div style=\"text-align: center;\">Tracy L. Curtis \u00b7\u00a0President\/Agent<\/div>\n<div style=\"text-align: center;\">Matt Gogal\u00a0\u00b7\u00a0Talent Agent<\/div>\n<p style=\"text-align: center;\">[vc_separator type=&#8217;normal&#8217; position=&#8217;center&#8217; color=&#8217;transparent&#8217; border_style=&#8221; thickness=&#8221; up=&#8217;2&#8242; down=&#8217;2&#8242;]<\/p>\n<div style=\"text-align: center;\">The Talent House LA<\/div>\n<div style=\"text-align: center;\">3000 Olympic Blvd. Suite 2350<br \/>\nSanta Monica, CA 90404<\/div>\n<div style=\"text-align: right;\">\n<p style=\"text-align: center;\">Phone &#8211; (310) 315-4797<\/p>\n<p style=\"text-align: center;\">[vc_separator type=&#8217;normal&#8217; position=&#8217;center&#8217; color=&#8217;transparent&#8217; border_style=&#8221; thickness=&#8221; up=&#8217;2&#8242; down=&#8217;2&#8242;]<\/p>\n<div style=\"text-align: center;\"><a title=\"WORLD TALENT HOUSE - Web\" href=\"http:\/\/www.thetalenthousela.com\" target=\"_blank\">www.thetalenthousela.com<\/a><\/div>\n<\/div>\n<p>[\/vc_column_text][vc_separator type=&#8221;transparent&#8221; position=&#8221;center&#8221; up=&#8221;10&#8243; down=&#8221;10&#8243;][\/vc_column][\/vc_row][vc_row row_type=&#8221;row&#8221; use_row_as_full_screen_section=&#8221;no&#8221; type=&#8221;grid&#8221; icon_pack=&#8221;font_awesome&#8221; content_menu_fe_icon=&#8221;arrow_back&#8221; text_align=&#8221;left&#8221;][vc_column width=&#8221;1\/1&#8243;][vc_empty_space height=&#8221;62px&#8221;][vc_separator type=&#8221;full_width&#8221; position=&#8221;center&#8221; up=&#8221;10&#8243; down=&#8221;10&#8243;][vc_empty_space height=&#8221;62px&#8221;][vc_column_text]<\/p>\n<h2 style=\"text-align: center;\">Contact Form<\/h2>\n<p>[\/vc_column_text][vc_separator type=&#8221;small&#8221; position=&#8221;center&#8221; up=&#8221;32&#8243; down=&#8221;32&#8243; border_style=&#8221;solid&#8221;][\/vc_column][\/vc_row][vc_row row_type=&#8221;row&#8221; use_row_as_full_screen_section=&#8221;no&#8221; type=&#8221;grid&#8221; icon_pack=&#8221;font_awesome&#8221; content_menu_fe_icon=&#8221;arrow_back&#8221; text_align=&#8221;center&#8221;][vc_column width=&#8221;1\/1&#8243;][vc_column_text]<\/p>\n<p style=\"text-align: center;\">\n<div class=\"wpcf7 no-js\" id=\"wpcf7-f22883-o1\" lang=\"en-US\" dir=\"ltr\" data-wpcf7-id=\"22883\">\n<div class=\"screen-reader-response\"><p role=\"status\" aria-live=\"polite\" aria-atomic=\"true\"><\/p> <ul><\/ul><\/div>\n<form action=\"\/en\/wp-json\/wp\/v2\/pages\/22859#wpcf7-f22883-o1\" method=\"post\" class=\"wpcf7-form init\" aria-label=\"Contact form\" novalidate=\"novalidate\" data-status=\"init\">\n<fieldset class=\"hidden-fields-container\"><input type=\"hidden\" name=\"_wpcf7\" value=\"22883\" \/><input type=\"hidden\" name=\"_wpcf7_version\" value=\"6.1.5\" \/><input type=\"hidden\" name=\"_wpcf7_locale\" value=\"en_US\" \/><input type=\"hidden\" name=\"_wpcf7_unit_tag\" value=\"wpcf7-f22883-o1\" \/><input type=\"hidden\" name=\"_wpcf7_container_post\" value=\"0\" \/><input type=\"hidden\" name=\"_wpcf7_posted_data_hash\" value=\"\" \/>\n<\/fieldset>\n<p>Your Name (required)\n<\/p>\n<p><span class=\"wpcf7-form-control-wrap\" data-name=\"your-name\"><input size=\"40\" maxlength=\"400\" class=\"wpcf7-form-control wpcf7-text wpcf7-validates-as-required\" aria-required=\"true\" aria-invalid=\"false\" value=\"\" type=\"text\" name=\"your-name\" \/><\/span>\n<\/p>\n<p>Your Email (required)\n<\/p>\n<p><span class=\"wpcf7-form-control-wrap\" data-name=\"your-email\"><input size=\"40\" maxlength=\"400\" class=\"wpcf7-form-control wpcf7-email wpcf7-validates-as-required wpcf7-text wpcf7-validates-as-email\" aria-required=\"true\" aria-invalid=\"false\" value=\"\" type=\"email\" name=\"your-email\" \/><\/span>\n<\/p>\n<p>Subject\n<\/p>\n<p><span class=\"wpcf7-form-control-wrap\" data-name=\"your-subject\"><input size=\"40\" maxlength=\"400\" class=\"wpcf7-form-control wpcf7-text\" aria-invalid=\"false\" value=\"\" type=\"text\" name=\"your-subject\" \/><\/span>\n<\/p>\n<p>Your Message\n<\/p>\n<p><span class=\"wpcf7-form-control-wrap\" data-name=\"your-message\"><textarea cols=\"40\" rows=\"10\" maxlength=\"2000\" class=\"wpcf7-form-control wpcf7-textarea\" aria-invalid=\"false\" name=\"your-message\"><\/textarea><\/span>\n<\/p>\n<p><input class=\"wpcf7-form-control wpcf7-submit has-spinner\" type=\"submit\" value=\"Send\" \/>\n<\/p><div class=\"wpcf7-response-output\" aria-hidden=\"true\"><\/div>\n<\/form>\n<\/div>\n<p>[\/vc_column_text][\/vc_column][\/vc_row][vc_row][vc_column width=&#8221;1\/1&#8243;][vc_empty_space height=&#8221;62px&#8221;][\/vc_column][\/vc_row]<\/p>\n<\/section>","protected":false},"excerpt":{"rendered":"<p>[vc_row][vc_column width=&#8221;1\/1&#8243;][vc_column_text] Contacts [\/vc_column_text][vc_separator type=&#8221;small&#8221; position=&#8221;center&#8221; up=&#8221;32&#8243; down=&#8221;32&#8243; border_style=&#8221;solid&#8221;][\/vc_column][\/vc_row][vc_row row_type=&#8221;row&#8221; use_row_as_full_screen_section=&#8221;no&#8221; type=&#8221;grid&#8221; icon_pack=&#8221;font_awesome&#8221; content_menu_fe_icon=&#8221;arrow_back&#8221; text_align=&#8221;left&#8221;][vc_column width=&#8221;1\/1&#8243;][vc_column_text] ACTING MANAGEMENT SPAIN MAJ\u00d3S &#8211; AMARION PRO [vc_separator type=&#8217;normal&#8217; position=&#8217;center&#8217; color=&#8217;transparent&#8217; border_style=&#8221; thickness=&#8221; up=&#8217;2&#8242;&#8230;<\/p>\n","protected":false},"author":1,"featured_media":0,"parent":0,"menu_order":0,"comment_status":"closed","ping_status":"closed","template":"contact-page.php","meta":{"footnotes":""},"class_list":["post-22859","page","type-page","status-publish","hentry"],"_links":{"self":[{"href":"https:\/\/aidafolch.com\/en\/wp-json\/wp\/v2\/pages\/22859","targetHints":{"allow":["GET"]}}],"collection":[{"href":"https:\/\/aidafolch.com\/en\/wp-json\/wp\/v2\/pages"}],"about":[{"href":"https:\/\/aidafolch.com\/en\/wp-json\/wp\/v2\/types\/page"}],"author":[{"embeddable":true,"href":"https:\/\/aidafolch.com\/en\/wp-json\/wp\/v2\/users\/1"}],"replies":[{"embeddable":true,"href":"https:\/\/aidafolch.com\/en\/wp-json\/wp\/v2\/comments?post=22859"}],"version-history":[{"count":7,"href":"https:\/\/aidafolch.com\/en\/wp-json\/wp\/v2\/pages\/22859\/revisions"}],"predecessor-version":[{"id":23941,"href":"https:\/\/aidafolch.com\/en\/wp-json\/wp\/v2\/pages\/22859\/revisions\/23941"}],"wp:attachment":[{"href":"https:\/\/aidafolch.com\/en\/wp-json\/wp\/v2\/media?parent=22859"}],"curies":[{"name":"wp","href":"https:\/\/api.w.org\/{rel}","templated":true}]}}