{"id":22856,"date":"2014-06-02T09:22:38","date_gmt":"2014-06-02T09:22:38","guid":{"rendered":"http:\/\/aida.limonadaestudio.com\/?page_id=22856"},"modified":"2015-04-16T14:56:27","modified_gmt":"2015-04-16T14:56:27","slug":"biography","status":"publish","type":"page","link":"https:\/\/aidafolch.com\/en\/biography\/","title":{"rendered":"Biography"},"content":{"rendered":"<section class=\"wpb-content-wrapper\"><p>[vc_row row_type=&#8221;row&#8221; type=&#8221;grid&#8221; icon_pack=&#8221;font_awesome&#8221; content_menu_fe_icon=&#8221;arrow_back&#8221; text_align=&#8221;center&#8221; background_color=&#8221;#ffffff&#8221; padding_bottom=&#8221;40&#8243; use_row_as_full_screen_section=&#8221;no&#8221;][vc_column width=&#8221;1\/1&#8243;][vc_column_text]<\/p>\n<h2>FIND OUT MORE ABOUT AIDA FOLCH<\/h2>\n<p>[\/vc_column_text][vc_separator type=&#8221;small&#8221; position=&#8221;center&#8221; thickness=&#8221;1&#8243; up=&#8221;20&#8243; down=&#8221;20&#8243;][vc_column_text]<\/p>\n<p style=\"text-align: center;\">Aida Folch is a Spanish actress whose filmography includes films like\u00a0\u2018El embrujo de Shangai\u2019, \u2018Los lunes al sol\u2019 y \u2018The artist and the model\u2019, in addition to the popular TV series \u2018Cu\u00e9ntame c\u00f3mo pas\u00f3\u2019.<\/p>\n<p>[\/vc_column_text][vc_empty_space height=&#8221;32px&#8221;][\/vc_column][\/vc_row][vc_row row_type=&#8221;parallax&#8221; type=&#8221;full_width&#8221; icon_pack=&#8221;font_awesome&#8221; content_menu_fe_icon=&#8221;arrow_back&#8221; text_align=&#8221;center&#8221; section_height=&#8221;450&#8243; use_row_as_full_screen_section=&#8221;yes&#8221; css=&#8221;.vc_custom_1421774601661{background-position: center !important;background-repeat: no-repeat !important;background-size: cover !important;}&#8221; background_image=&#8221;23138&#8243; padding_bottom=&#8221;62&#8243; css_animation=&#8221;element_from_fade&#8221;][vc_column width=&#8221;1\/1&#8243;][vc_row_inner row_type=&#8221;parallax&#8221; type=&#8221;full_width&#8221; text_align=&#8221;center&#8221; padding_top=&#8221;200&#8243; padding_bottom=&#8221;200&#8243; section_height=&#8221;300&#8243; css=&#8221;.vc_custom_1414505857886{background-position: center !important;background-repeat: no-repeat !important;background-size: cover !important;}&#8221; css_animation=&#8221;element_from_fade&#8221;][vc_column_inner width=&#8221;1\/4&#8243;][vc_empty_space height=&#8221;160px&#8221;]<div class=\"q_counter_holder  center\" style=\"\"><span class=\"counter  zero\" style=\"color: #ffffff;font-weight: 600;\">15<\/span><p class=\"counter_text\" style=\"color: #ffffff;\">PEL\u00cdCULAS DE CINE<\/p><\/div>[\/vc_column_inner][vc_column_inner width=&#8221;1\/4&#8243;][vc_empty_space height=&#8221;160px&#8221;]<div class=\"q_counter_holder  center\" style=\"\"><span class=\"counter  zero\" style=\"color: #ffffff;font-weight: 600;\">4<\/span><p class=\"counter_text\" style=\"color: #ffffff;\">TELEFILMS<\/p><\/div>[\/vc_column_inner][vc_column_inner width=&#8221;1\/4&#8243;][vc_empty_space height=&#8221;160px&#8221;]<div class=\"q_counter_holder  center\" style=\"\"><span class=\"counter  zero\" style=\"color: #ffffff;font-weight: 600;\">11<\/span><p class=\"counter_text\" style=\"color: #ffffff;\">CORTOS<\/p><\/div>[\/vc_column_inner][vc_column_inner width=&#8221;1\/4&#8243;][vc_empty_space height=&#8221;160px&#8221;]<div class=\"q_counter_holder  center\" style=\"\"><span class=\"counter  zero\" style=\"color: #ffffff;font-weight: 600;\">6<\/span><p class=\"counter_text\" style=\"color: #ffffff;\">SERIES<\/p><\/div>[\/vc_column_inner][\/vc_row_inner][\/vc_column][\/vc_row][vc_row][vc_column width=&#8221;1\/1&#8243;][vc_empty_space height=&#8221;62px&#8221;][\/vc_column][\/vc_row][vc_row row_type=&#8221;parallax&#8221; type=&#8221;grid&#8221; icon_pack=&#8221;font_awesome&#8221; content_menu_fe_icon=&#8221;arrow_back&#8221; text_align=&#8221;center&#8221; padding_top=&#8221;100&#8243; padding_bottom=&#8221;50&#8243; background_color=&#8221;#ffffff&#8221; use_row_as_full_screen_section=&#8221;yes&#8221;][vc_column width=&#8221;1\/2&#8243;][vc_column_text]<\/p>\n<h2 style=\"text-align: center;\">Bio<\/h2>\n<p>[\/vc_column_text][vc_separator type=&#8221;small&#8221; position=&#8221;center&#8221; thickness=&#8221;1&#8243; up=&#8221;30&#8243; down=&#8221;30&#8243;][vc_column_text]<\/p>\n<div style=\"text-align: justify;\">Despite her youth, Aida Folch (Reus, 1986) has a solid career, making her\u00a0one of the most promising actresses Spanish and projection. This is confirmed by her\u00a0participation in more than fifteen films, some successful TV series and works for theater.<\/div>\n<div style=\"text-align: justify;\">\u00a0[vc_separator type=&#8217;transparent&#8217; position=&#8217;center&#8217; color=&#8221; border_style=&#8221; thickness=&#8221; up=&#8217;5&#8242; down=&#8217;5&#8242;]<\/div>\n<div style=\"text-align: justify;\">Since her childhood it was clear in her mind that her future would somehow be related to the world of acting. As a child and she\u00a0did theater in her\u00a0hometown in a company called Llop\u2019s Teatre as an extracurricular activity. In addition, she practiced every Saturday in Reus Reading Centre, where she discovered her passion was acting. She studied acting at the workshop of Juan Carlos Corazza and Cristina Rota\u2019s school. She also studied editing in Madrid and Barcelona. In 1998 she joined an advertising agency in Barcelona and two years later came her first big professional break when she was chosen among 3,000 girls across Spain to star\u00a0\u2018<a href=\"http:\/\/aidafolch.com\/en\/portfolio_page\/el-embrujo-de-shanghai\/\">El embrujo de Shangai<\/a>\u2019, by the Oscar winner\u00a0Fernando Trueba.<\/div>\n<div style=\"text-align: justify;\">\u00a0\u00a0[vc_separator type=&#8217;transparent&#8217; position=&#8217;center&#8217; color=&#8221; border_style=&#8221; thickness=&#8221; up=&#8217;5&#8242; down=&#8217;5&#8242;]<\/div>\n<div style=\"text-align: justify;\">She was only 14 years old. A few months later the director Fernando Leon de Aranoa would choose her to participate in\u00a0\u2018<a href=\"http:\/\/aidafolch.com\/en\/portfolio_page\/los-lunes-al-sol\/\">Los lunes al sol<\/a>\u2019, starring Javier Bardem. Her\u00a0first two films were the most awarded ones at the Goya Gala in 2001.<\/div>\n<p>[\/vc_column_text][vc_separator type=&#8221;transparent&#8221; position=&#8221;center&#8221; thickness=&#8221;1&#8243; up=&#8221;50&#8243; down=&#8221;0&#8243;][\/vc_column][vc_column width=&#8221;1\/2&#8243;][vc_single_image image=&#8221;22350&#8243; alignment=&#8221;right&#8221; border_color=&#8221;grey&#8221; img_link_target=&#8221;_self&#8221; qode_css_animation=&#8221;element_from_right&#8221; img_size=&#8221;full&#8221;][vc_separator type=&#8221;transparent&#8221; position=&#8221;center&#8221; thickness=&#8221;1&#8243; up=&#8221;50&#8243; down=&#8221;0&#8243;][\/vc_column][\/vc_row][vc_row][vc_column width=&#8221;1\/1&#8243;][vc_empty_space height=&#8221;32px&#8221;][\/vc_column][\/vc_row][vc_row row_type=&#8221;row&#8221; use_row_as_full_screen_section=&#8221;no&#8221; type=&#8221;grid&#8221; icon_pack=&#8221;font_awesome&#8221; content_menu_fe_icon=&#8221;arrow_back&#8221; text_align=&#8221;left&#8221;][vc_column width=&#8221;1\/2&#8243;][vc_single_image image=&#8221;22511&#8243; alignment=&#8221;right&#8221; border_color=&#8221;grey&#8221; img_link_target=&#8221;_self&#8221; qode_css_animation=&#8221;element_from_left&#8221; img_size=&#8221;full&#8221;][vc_separator type=&#8221;transparent&#8221; position=&#8221;center&#8221; thickness=&#8221;1&#8243; up=&#8221;20&#8243; down=&#8221;0&#8243;][\/vc_column][vc_column width=&#8221;1\/2&#8243;][vc_column_text]<\/p>\n<h2 style=\"text-align: center;\">Acting experience<\/h2>\n<p>[\/vc_column_text][vc_separator type=&#8221;small&#8221; position=&#8221;center&#8221; thickness=&#8221;1&#8243; up=&#8221;30&#8243; down=&#8221;30&#8243;][vc_column_text]<\/p>\n<p style=\"text-align: justify;\">Aida has worked in films such as\u00a0\u00a0\u2018<a href=\"http:\/\/aidafolch.com\/en\/portfolio_page\/mi-universo-en-minusculas\/\">Mi universo es en min\u00fasculas<\/a>\u2019, by\u00a0Hatuey Viveros: the historical epic\u00a0\u2018<a href=\"http:\/\/aidafolch.com\/en\/portfolio_page\/henry-vi\/\">Henry IV<\/a>\u2019, directed by\u00a0Jo Baier; \u2018<a href=\"http:\/\/aidafolch.com\/en\/portfolio_page\/25-kilates\/\">25 Kilates<\/a>\u2019, by\u00a0Patxi Am\u00e9zcua, for which she won the Silver Biznaga for Best Actress area ZineMalaga Festival in 2009; \u2018<a href=\"http:\/\/aidafolch.com\/en\/portfolio_page\/diente-por-ojo\/\">Diente por ojo<\/a>\u2019, by Eivind Holmboe; \u2018<a href=\"http:\/\/aidafolch.com\/en\/portfolio_page\/las-vidas-de-celia\/\">Las vidas de Celia<\/a>\u2019, by\u00a0Antonio Chavarr\u00edas; \u2018<a href=\"http:\/\/aidafolch.com\/en\/portfolio_page\/salvador-puig-antich\/\">Salvador<\/a>\u2019, \u00a0by Manuel Huerga; \u2018<a href=\"http:\/\/aidafolch.com\/en\/portfolio_page\/amar\/\">Amar<\/a>\u2019, by\u00a0Esteb\u00e1n Crespo; \u2018<a href=\"http:\/\/aidafolch.com\/en\/portfolio_page\/aquitania\/\">Aquitania<\/a>\u2019, directed by\u00a0Rafael Montesinos; \u2018<a href=\"http:\/\/aidafolch.com\/en\/portfolio_page\/fin-de-curso\/\">Fin de curso<\/a>\u2019, by\u00a0Miguel Mart\u00ed; \u2018<a href=\"http:\/\/aidafolch.com\/en\/portfolio_page\/siempre-quise-trabajar-en-una-fabrica\/\">Siempre quise trabajar en una f\u00e1brica<\/a>\u201d, by\u00a0Esteban Crespo; \u2018<a href=\"http:\/\/aidafolch.com\/en\/portfolio_page\/el-legado\/\">El legado<\/a>\u2019, by\u00a0Jes\u00fas Monlle\u00f3; \u2018<a href=\"http:\/\/aidafolch.com\/en\/portfolio_page\/la-mirada-violeta\/\">La mirada violeta<\/a>\u2019, directed by\u00a0Nacho Per\u00e9z de la Paz &amp;\u00a0Jes\u00fas Ruiz; \u2018<a href=\"http:\/\/aidafolch.com\/en\/portfolio_page\/fisica-ii\/\">F\u00edsica II<\/a>\u2019, by\u00a0Daniel S\u00e1nchez Ar\u00e9valo and \u2018Las l\u00e1grimas del cisne\u2019, of\u00a0J. Wilson. She has also worked in television films like\u00a0\u2018<a href=\"http:\/\/aidafolch.com\/en\/portfolio_page\/el-diez-en-la-espalda\/\">Con el 10 en la espalada<\/a>\u2019, \u2018<a href=\"http:\/\/aidafolch.com\/en\/portfolio_page\/inocentes\/\">Inocentes<\/a>\u2019, \u2018<a href=\"http:\/\/aidafolch.com\/en\/portfolio_page\/no-estas-sola-sara\/\">No est\u00e1s sola, Sara<\/a>\u2019, \u2018<a href=\"http:\/\/aidafolch.com\/en\/portfolio_page\/morir-en-3-actes\/\">Morir en tres actos<\/a>\u2019 \u00f3 \u2018<a href=\"http:\/\/aidafolch.com\/en\/portfolio_page\/tornarem\/\">Volveremos<\/a>\u2019, and in the TV series\u00a0\u2018<a href=\"http:\/\/aidafolch.com\/en\/portfolio_page\/cuentame-como-paso\/\">Cu\u00e9ntame como pas\u00f3<\/a>\u2019. In 2013 she co-starred with Imanol Arias, the miniseries `<a href=\"http:\/\/aidafolch.com\/en\/portfolio_page\/vicente-ferrer\/\">Vicente Ferrer<\/a>\u00b4\u00a0for TVE interpreting Anna Ferrer.<\/p>\n<p>&nbsp;<\/p>\n<p style=\"text-align: justify;\">On stage she has participated in the plays\u00a0\u00a0\u2018<a href=\"http:\/\/aidafolch.com\/en\/portfolio_page\/roberto-zucco\/\">Roberto Zucco<\/a>\u2019, under the direction of\u00a0Lluis Pascual, and\u00a0\u2018<a href=\"http:\/\/aidafolch.com\/en\/portfolio_page\/conte-dhivern\/\">Conte D\u2019hivern<\/a>\u2019, directed by\u00a0Ferr\u00e1n M\u00e1dico.<\/p>\n<p>&nbsp;<\/p>\n<p style=\"text-align: justify;\">In 2012 she starred\u00a0\u2018<a href=\"http:\/\/aidafolch.com\/en\/portfolio_page\/el-artista-y-la-modelo\/\">The artist and the model<\/a>\u2019, by\u00a0Fernando Trueba, a film shot entirely in French where she works with\u00a0Jean Rochefort &amp;\u00a0Claudia Cardinale. She also participated in\u00a0\u2018<a href=\"http:\/\/aidafolch.com\/en\/portfolio_page\/el-amor-no-es-lo-que-era\/\">El amor no es lo que era<\/a>, under the direction of\u00a0Gabi Ochoa. In addition, she has directed\u00a0\u2018Estrellas\u2019 and\u00a0\u2018Ella\u2019, and was also responsible for the editing.<\/p>\n<p>[\/vc_column_text][vc_separator type=&#8221;transparent&#8221; position=&#8221;center&#8221; thickness=&#8221;1&#8243; up=&#8221;50&#8243; down=&#8221;0&#8243;][\/vc_column][\/vc_row][vc_row][vc_column width=&#8221;1\/1&#8243;][vc_empty_space height=&#8221;32px&#8221;][\/vc_column][\/vc_row][vc_row row_type=&#8221;row&#8221; use_row_as_full_screen_section=&#8221;no&#8221; type=&#8221;grid&#8221; icon_pack=&#8221;font_awesome&#8221; content_menu_fe_icon=&#8221;arrow_back&#8221; text_align=&#8221;left&#8221;][vc_column width=&#8221;1\/1&#8243;][vc_column_text]<\/p>\n<div style=\"text-align: center;\">Among her latest works we find\u00a0`<a href=\"http:\/\/aidafolch.com\/en\/portfolio_page\/fuego\/\">Fuego<\/a>\u00b4 a film directed by\u00a0<em>Luis Mar\u00edas<\/em>, filmed in Bilbao last January 2014, `<a href=\"http:\/\/aidafolch.com\/en\/portfolio_page\/nameless\/\">Nameless<\/a>\u00b4, an American film directed by Bryan Thurman and Luis Esteban and `<a href=\"http:\/\/aidafolch.com\/en\/portfolio_page\/incidencias\/\">Incidencias<\/a>\u00b4, the third film by\u00a0<em>Jos\u00e9 Corbacho<\/em>\u00a0&amp;\u00a0<em>Juan Cruz<\/em>.<\/div>\n<p>[\/vc_column_text][\/vc_column][\/vc_row][vc_row][vc_column width=&#8221;1\/1&#8243;][vc_empty_space height=&#8221;62px&#8221;][\/vc_column][\/vc_row][vc_row][vc_column width=&#8221;1\/1&#8243;][vc_separator type=&#8221;normal&#8221; position=&#8221;center&#8221; down=&#8221;32&#8243;][\/vc_column][\/vc_row][vc_row row_type=&#8221;row&#8221; use_row_as_full_screen_section=&#8221;no&#8221; type=&#8221;grid&#8221; icon_pack=&#8221;font_awesome&#8221; content_menu_fe_icon=&#8221;arrow_back&#8221; text_align=&#8221;left&#8221; css_animation=&#8221;element_from_fade&#8221; padding_top=&#8221;10&#8243; padding_bottom=&#8221;10&#8243;][vc_column width=&#8221;1\/1&#8243;][vc_column_text]<\/p>\n<h2 style=\"text-align: center;\">What they say about her&#8230;<\/h2>\n<p>[\/vc_column_text][vc_separator type=&#8221;small&#8221; position=&#8221;center&#8221; thickness=&#8221;1&#8243; up=&#8221;30&#8243; down=&#8221;30&#8243;]<div class=\"testimonials_holder clearfix dark \"><div class=\"testimonials testimonials_carousel\" data-show-navigation=\"yes\" data-show-navigation-arrows=\"no\" data-animation-type=\"fade\" data-animation-speed=\"\" data-auto-rotate-slides=\"10\"><ul class=\"slides\"><li id=\"testimonials22926\" class=\"testimonial_content\"><div class=\"testimonial_content_inner\"><div class=\"testimonial_text_holder center_align\"><div class=\"testimonial_text_inner\"><p>I worked with her when she was only 14, but already an actress, even if she didn\u2019t know yet. I needed a teenager for the leading female role of \"El Embrujo de Shanghai\". After an exhausting audition, hundreds of girls in different cities ... one day Aida appeared. She showed up at the end of the day and just then, we knew she was what we wanted. Still, we kept auditioning her for a while. It was a very complicated project and we had to be sure. Ten years after that shoot, I had the pleasure and fortune to shoot with Aida again. Now she was woman. And an actress. But she hadn\u2019t lost a thing along the way, on the contrary. She had simply become someone who was passionately in love with her work. During those 10 years, Aida had worked in long and short films, theater and television, lead roles and supporting roles... Aida knows just how hard and demanding the work and life of an actor really are. But all of that has only boosted her passion and her demand toward everything and everyone, but above all toward herself. Aida Folch is a force of nature, an explosive mixture of momentum and common sense, madness and wisdom, enthusiasm and skepticism, intuition and effort. She\u2019s got such generosity it makes one think twice before asking her for something. An actor has very rarely given me as much as Aida gave to\"The Artist and the Model\". From moving to France to learn the language, to becoming a model before the film began so she could be true in front of the cameras. But that's nothing. Aida is not only capable of acting practically naked during most of the film and not letting that distract her one bit from her work, from the importance of the essence which was to give life and soul (and body) to the character of Merc\u00e8.  At one point on the first day of shooting, Jean Rochefort took me to a corner of the set and asked: \"Where did you find her? Not that I didn\u2019t trust your judgment; I knew you'd pick a good actress for the character, but not in my wildest dreams had I imagined something like her\". But that's not all, Aida also creates a wonderful atmosphere on the set. Everyone loves her. The camera loves her. So do I. If my colleagues knew what it was like to work with her, she would not have any free dates throughout the year. Aida is already a part of my films, but also of my life. And I only wish for life to give her everything she deserves.<\/p><p class=\"testimonial_author\" style=\"\">- Fernando Trueba<\/p><\/div><\/div><\/div><\/li><li id=\"testimonials23724\" class=\"testimonial_content\"><div class=\"testimonial_content_inner\"><div class=\"testimonial_text_holder center_align\"><div class=\"testimonial_text_inner\"><p>The world of cinema is a better place since Aida arrived. I tend to exaggerate, but in this case, I know I\u2019ll fall short. Aida's face should be declared Heritage of Humanity because it is art, elegance, sensitivity and perfection. My friend has been intelligent enough to polish that innate beauty\r\n in order to shape the most interesting and mature Spanish film characters. We could make references that evoke the Italian neorealism, or many of the female characters of the Nouvelle Vague but she is overwhelmingly inspiring in herself and has no comparison. Anecdotally I\u2019d like to share something. Often, when she has an audition for a film she calls me to read the lines with her and even record the self tape-audition. In that moment of intimacy in which I record and give a response, I gape when I see the way she transforms herself; admiring her photogenic qualities becomes a mystical experience. So much that the last time I helped her with \"La prueba\" I was so dazzled that she scolded me: \u201cCome on Fernando! We cannot be like this!\u201d. A few months ago she made her first American film, learning English in record time; because her bravery does not understand excuses or buts, so she will conquer the world. Soon she will go to Andorra to mark an acknowledgment that you all have given  her: Living legend of Spanish cinema. It is a good time to review her films, and to be alert of her coming films because actresses like Aida make cinema worthwhile. Actors, actresses and audiences are the ones who keep it alive. Don\u2019t ever stop going to the cinema. Women like Aida work very hard to tell stories that will make you dream. The life those that are close to us is extraordinary. I love you sister.\r\n\r\n- Fernando Tielve\r\n\r\n\r\nI show her the portrait and she says: \u201cI look so ugly, don\u2019t I?\u201d, and I say that it\u2019s normal, because she is very ugly, possibly the most beautiful ugly woman in the world. Aida breaks the rule of every game out there, and that is the biggest treasure an actress can have. Aida has a character as hell and every one of those little demons carries a fiery love poem in their chest. When Aida smiles, her eyes slant and some I-don\u2019t-know-what comes out of the corner of the lips and then, the world revolves on the right direction. Thanks, Aida, for each and every one of your confessions, for each and every one of your looks, for your silences (as I say in one of my old poems: \"For our silences talk to each other like parrots\"), for your smiles, for your jokes and your doubts. You're an ugly queen, and I do not know how or why, but you are also one of the most beautiful women in the world. I love you, friend.<\/p><p class=\"testimonial_author\" style=\"\">- Fernando Tielve<\/p><\/div><\/div><\/div><\/li><li id=\"testimonials22922\" class=\"testimonial_content\"><div class=\"testimonial_content_inner\"><div class=\"testimonial_text_holder center_align\"><div class=\"testimonial_text_inner\"><p>I show the picture to Aida and said: \"I look ugly, right?\", And I say that's normal because you are very ugly, possibly the ugly most beautiful woman in the world.\r\nAida breaks the rules of every game out there, and that, for an actress, is the greatest treasure to own. Aida has a character as hell and each of those demons embedded in the chest leads a love poem on. When Aida smiles, her eyes light up and comes out a something in the corner of the lips and then, the world revolves on the right direction.\r\n\r\nThanks, Aida, for each and every one of your confessions, for each and every one of your looks, by your silence (as I say in one of my old poems: \"For our silences talk to each other like parrots\"), for your smiles, for your jokes and your doubts.\r\nYou're an ugly queen, but do not know how or why, at the same time, one of the most beautiful women in the world.\r\n\r\nI love you, friend.<\/p><p class=\"testimonial_author\" style=\"\">- Roberto \u00c1lamo<\/p><\/div><\/div><\/div><\/li><\/ul><\/div><\/div>[\/vc_column][\/vc_row][vc_row][vc_column width=&#8221;1\/1&#8243;][vc_empty_space height=&#8221;32px&#8221;][vc_separator type=&#8221;normal&#8221; position=&#8221;center&#8221; down=&#8221;32&#8243;][\/vc_column][\/vc_row][vc_row row_type=&#8221;row&#8221; use_row_as_full_screen_section=&#8221;no&#8221; type=&#8221;grid&#8221; icon_pack=&#8221;font_awesome&#8221; content_menu_fe_icon=&#8221;arrow_back&#8221; text_align=&#8221;left&#8221; css_animation=&#8221;element_from_bottom&#8221;][vc_column width=&#8221;1\/1&#8243;][vc_empty_space height=&#8221;32px&#8221;][vc_video link=&#8221;http:\/\/youtu.be\/vUVHSa0wK5k&#8221;][vc_empty_space height=&#8221;32px&#8221;][vc_column_text]<\/p>\n<p style=\"text-align: center;\">Interview with actress Aida Folch nominated for the Goya to the Best Actress 2013. She also participates in the short film &#8220;<a href=\"http:\/\/aidafolch.com\/en\/portfolio_page\/veneno\/\">Veneno<\/a>&#8221; in the Official Selection at the 3rd International Short Film Multifest.<\/p>\n<p style=\"text-align: right;\">Interview: David B. Islas<\/p>\n<p>[\/vc_column_text][vc_separator type=&#8221;small&#8221; position=&#8221;center&#8221; thickness=&#8221;1&#8243; up=&#8221;30&#8243; down=&#8221;30&#8243;][vc_column_text]<\/p>\n<p style=\"text-align: center;\"><strong>Aida Folch<\/strong> reveals what it was like to follow the path that has led her to the nomination for \u201cBest Actress\u201d at the Goya 2013, for her performance in the film by Fernando Trueba, \u2018The Artist and the Model\u2019. When this young actress started working in the cinema profession she did not know Trueba, she just knew that she \u201cwanted to be an actress.\u201d<\/p>\n<p>&nbsp;<\/p>\n<p style=\"text-align: center;\">Six years later, Fernando Trueba phoned this actress from Reus to ask if she could speak French. She replied that she could not speak that language, but in very predisposed manner she said, \u201cBut I can learn.\u201d And so she packed up and moved to France. After six months Aida called the renowned director to tell him that she could now get by in French. That was the moment when Trueba fell in love with her.<\/p>\n<p>[\/vc_column_text][vc_separator type=&#8221;small&#8221; position=&#8221;center&#8221; thickness=&#8221;1&#8243; up=&#8221;30&#8243; down=&#8221;30&#8243;][vc_column_text]<\/p>\n<blockquote>\n<p style=\"text-align: center;\">For better or worse, the project took another four years to get started. Then, the long awaited script finally arrived which was <em>very subtle and speaks of great things<\/em> as the actress says.<\/p>\n<p>&nbsp;<\/p>\n<p style=\"text-align: center;\">A beautiful story that ended in Goya Nomination&#8230;<\/p>\n<\/blockquote>\n<p>[\/vc_column_text][vc_empty_space height=&#8221;62px&#8221;][\/vc_column][\/vc_row]<\/p>\n<\/section>","protected":false},"excerpt":{"rendered":"<p>[vc_row row_type=&#8221;row&#8221; type=&#8221;grid&#8221; icon_pack=&#8221;font_awesome&#8221; content_menu_fe_icon=&#8221;arrow_back&#8221; text_align=&#8221;center&#8221; background_color=&#8221;#ffffff&#8221; padding_bottom=&#8221;40&#8243; use_row_as_full_screen_section=&#8221;no&#8221;][vc_column width=&#8221;1\/1&#8243;][vc_column_text] FIND OUT MORE ABOUT AIDA FOLCH [\/vc_column_text][vc_separator type=&#8221;small&#8221; position=&#8221;center&#8221; thickness=&#8221;1&#8243; up=&#8221;20&#8243; down=&#8221;20&#8243;][vc_column_text] Aida Folch is a Spanish actress whose filmography&#8230;<\/p>\n","protected":false},"author":1,"featured_media":0,"parent":0,"menu_order":0,"comment_status":"open","ping_status":"open","template":"","meta":{"footnotes":""},"class_list":["post-22856","page","type-page","status-publish","hentry"],"_links":{"self":[{"href":"https:\/\/aidafolch.com\/en\/wp-json\/wp\/v2\/pages\/22856","targetHints":{"allow":["GET"]}}],"collection":[{"href":"https:\/\/aidafolch.com\/en\/wp-json\/wp\/v2\/pages"}],"about":[{"href":"https:\/\/aidafolch.com\/en\/wp-json\/wp\/v2\/types\/page"}],"author":[{"embeddable":true,"href":"https:\/\/aidafolch.com\/en\/wp-json\/wp\/v2\/users\/1"}],"replies":[{"embeddable":true,"href":"https:\/\/aidafolch.com\/en\/wp-json\/wp\/v2\/comments?post=22856"}],"version-history":[{"count":27,"href":"https:\/\/aidafolch.com\/en\/wp-json\/wp\/v2\/pages\/22856\/revisions"}],"predecessor-version":[{"id":23751,"href":"https:\/\/aidafolch.com\/en\/wp-json\/wp\/v2\/pages\/22856\/revisions\/23751"}],"wp:attachment":[{"href":"https:\/\/aidafolch.com\/en\/wp-json\/wp\/v2\/media?parent=22856"}],"curies":[{"name":"wp","href":"https:\/\/api.w.org\/{rel}","templated":true}]}}